{"id":526,"date":"2023-02-13T12:38:13","date_gmt":"2023-02-13T12:38:13","guid":{"rendered":"https:\/\/cameliasvet.com\/politica-de-cookies\/"},"modified":"2023-02-13T12:38:13","modified_gmt":"2023-02-13T12:38:13","slug":"politica-de-cookies","status":"publish","type":"page","link":"https:\/\/cameliasvet.com\/en\/politica-de-cookies\/","title":{"rendered":"Pol\u00edtica de cookies"},"content":{"rendered":"<p class=\"p1\">El dominio www.cameliasvet.com utiliza procedimientos autom\u00e1ticos de recogida (Cookies) para reunir informaci\u00f3n personal como puede ser el tipo de navegador o sistema operativo, p\u00e1gina de referencia, ruta, dominio ISP (Proveedor de Internet), etc. todo ello con el fin de mejorar los servicios prestados. Las Cookies nos ayudan a adaptar \u00e9sta p\u00e1gina web a sus necesidades personales.<\/p>\n<p class=\"p1\">Una \u00abCookie\u00bb es un peque\u00f1o archivo que se almacena en el ordenador del usuario y nos permite reconocerle. El conjunto de \u00abcookies\u00bb nos ayuda a mejorar la calidad de nuestra web, permiti\u00e9ndonos as\u00ed personalizar hasta cierto punto la navegaci\u00f3n de cada usuario por nuestra web. Las cookies actualmente son esenciales para el funcionamiento de internet, aportando innumerables ventajas en la prestaci\u00f3n de servicios interactivos, facilit\u00e1ndole la navegaci\u00f3n y usabilidad de nuestra web.<\/p>\n<p class=\"p1\">Tenga en cuenta que las cookies no pueden da\u00f1ar su equipo y que, a cambio, el que est\u00e9n activadas nos ayudan a identificar y resolver los errores y mejorar la navegabilidad de nuestro sitio.<\/p>\n<p class=\"p1\"><b>Tipolog\u00eda de cookies:<\/b><\/p>\n<p class=\"p1\">Para una mayor informaci\u00f3n del usuario sobre la tipolog\u00eda y uso de las cookies le informamos que:<\/p>\n<p class=\"p1\">Desde el punto de vista de \u2018tiempo de vida\u2019 de la cookie (tiempo que la cookie permanece activa en nuestro equipo) podemos diferenciar las cookies entre:<\/p>\n<p class=\"p1\"><b>Cookies de sesi\u00f3n:<\/b>\u00a0son cookies temporales que permanecen en el archivo de cookies de su navegador hasta que abandone la p\u00e1gina web, por lo que ninguna queda registrada en el disco duro del usuario. La informaci\u00f3n obtenida por medio de estas cookies, sirven para analizar pautas de tr\u00e1fico en la web. A la larga, esto nos permite proporcionar una mejor experiencia para mejorar el contenido y facilitando su uso.<\/p>\n<p class=\"p1\"><b>Cookies permanentes:<\/b>\u00a0son almacenadas en el disco duro y nuestra web las lee cada vez que usted realiza una nueva visita. Una cookie permanente posee una fecha de expiraci\u00f3n determinada. La cookie dejar\u00e1 de funcionar despu\u00e9s de esa fecha. Las utilizamos, generalmente, para facilitar los servicios de compra y registro.<\/p>\n<p class=\"p1\">Desde el punto de vista del uso de cada cookie, podemos diferenciar entre:<\/p>\n<p class=\"p1\"><b>Cookies Requeridas:<\/b>\u00a0son las cookies estrictamente necesarias como por ejemplo, aquellas que sirvan para una correcta navegaci\u00f3n o las que permitan realizar el pago de bienes o servicios solicitados por el usuario o cookies que sirvan para asegurar que el contenido de la p\u00e1gina web se carga eficazmente.<\/p>\n<p class=\"p1\">Dentro de la categor\u00eda de cookies Requeridas se pueden encontrar tambi\u00e9n cookies con las siguientes finalidades:<\/p>\n<ul class=\"ul1\">\n<li class=\"li1\">Permitir \u00fanicamente la comunicaci\u00f3n entre el equipo del usuario y la red.<\/li>\n<li class=\"li1\">Estrictamente prestar un servicio expresamente solicitado por el usuario.<\/li>\n<\/ul>\n<p class=\"p1\">En estos dos casos le informamos que no se requiere la informaci\u00f3n y el consentimiento del usuario para la instalaci\u00f3n de las referidas cookies. En concreto, seg\u00fan el Grupo de Trabajo de Expertos de la UE, en el Art\u00edculo 29 de su Dictamen 4\/20123 ha interpretado que entre las cookies exceptuadas estar\u00edan aquellas que tienen por finalidad:<\/p>\n<ul class=\"ul1\">\n<li style=\"list-style-type: none;\">\n<ul class=\"ul2\">\n<li class=\"li1\">Cookies de \u201centrada del usuario\u201d<\/li>\n<li class=\"li1\">Cookies de autenticaci\u00f3n o identificaci\u00f3n de usuario (\u00fanicamente de sesi\u00f3n)<\/li>\n<li class=\"li1\">Cookies de seguridad del usuario<\/li>\n<li class=\"li1\">Cookies de sesi\u00f3n de reproductor multimedia<\/li>\n<li class=\"li1\">Cookies de sesi\u00f3n para equilibrar la carga<\/li>\n<li class=\"li1\">Cookies de personalizaci\u00f3n de la interfaz de usuario<\/li>\n<li class=\"li1\">Cookies de complemento (plug-in) para intercambiar contenidos sociales.<\/li>\n<\/ul>\n<\/li>\n<\/ul>\n<p class=\"p1\">Para todo el resto de cookies Requeridas no incluidas en los anteriores supuestos requerir\u00e1n la informaci\u00f3n previa y el consentimiento del usuario.<\/p>\n<ol class=\"ol1\">\n<li class=\"li1\"><b>Cookies funcionales<\/b>: Son cookies que ayudan al usuario a tener una mejor experiencia de la navegaci\u00f3n por el sitio. Un ejemplo de uso de este tipo de cookies son las que se utilizan para almacenar los datos de navegaci\u00f3n de un determinado idioma.<\/li>\n<li class=\"li1\"><b>Cookies anal\u00edticas<\/b>: son cookies que nos permiten analizar el uso del Sitio web, de manera que podamos medir y mejorar el funcionamiento.<\/li>\n<li class=\"li1\"><b>Cookies de Publicidad y de Terceros<\/b>: son las cookies usadas por redes sociales, o por complementos externos de contenido como google maps como tambi\u00e9n cookies de empresas publicitarias para publicar anuncios relevantes para sus intereses.<\/li>\n<\/ol>\n<p class=\"p1\">Guarda toda la informaci\u00f3n recogida a trav\u00e9s de las Cookies en un formato no personalizado (direcci\u00f3n de IP). Este tipo de informaci\u00f3n obtenida a trav\u00e9s de las Cookies no ser\u00e1 revelada fuera de, ni utilizada para comunicaciones no solicitadas.<\/p>\n<p><strong>Cookies utilizadas en la web<\/strong><br \/>\nEn el portal web se utilizan diferentes tipos de cookies con distintas finalidades, a continuaci\u00f3n se enumeran las cookies empleadas:<\/p>\n<table style=\"width: 950px;\">\n<tbody>\n<tr>\n<td style=\"width: 164px;\"><strong>Nombre de la cookie<\/strong><\/td>\n<td style=\"width: 96px;\"><strong>Nombre del proveedor<\/strong><strong>\u00a0<\/strong><\/td>\n<td style=\"width: 75px;\"><strong>Propiedad<\/strong><\/td>\n<td style=\"width: 105px;\"><strong>Finalidad de la cookie<\/strong><\/td>\n<td style=\"width: 307px;\"><strong>Descripci\u00f3n de la finalidad de la cookie<\/strong><strong>\u00a0<\/strong><\/td>\n<td style=\"width: 83px;\"><strong>Duraci\u00f3n de la cookie\u00a0<\/strong><\/td>\n<td style=\"width: 120px;\"><strong>Si desea m\u00e1s informaci\u00f3n sobre el uso<\/strong><strong>\u00a0<\/strong><\/td>\n<\/tr>\n<tr>\n<td style=\"width: 164px;\">_ga<\/td>\n<td style=\"width: 96px;\">Google Analytics<\/td>\n<td style=\"width: 75px;\">Terceros<\/td>\n<td style=\"width: 105px;\">Anal\u00edtica Web<\/td>\n<td style=\"width: 307px;\">Se usa para distinguir a los usuarios.<\/td>\n<td style=\"width: 83px;\">2 a\u00f1os<\/td>\n<td style=\"width: 120px;\"><a href=\"http:\/\/www.google.es\/intl\/es\/analytics\/\" target=\"_blank\" rel=\"noopener noreferrer\">M\u00e1s informaci\u00f3n<\/a><\/td>\n<\/tr>\n<tr>\n<td style=\"width: 164px;\">_gid<\/td>\n<td style=\"width: 96px;\">Google Analytics<\/td>\n<td style=\"width: 75px;\">Terceros<\/td>\n<td style=\"width: 105px;\">Anal\u00edtica Web<\/td>\n<td style=\"width: 307px;\">Se usa para distinguir a los usuarios.<\/td>\n<td style=\"width: 83px;\">24 horas<\/td>\n<td style=\"width: 120px;\"><a href=\"https:\/\/developers.google.com\/analytics\/devguides\/collection\/analyticsjs\/cookie-usage?hl=es\" target=\"_blank\" rel=\"noopener noreferrer\">M\u00e1s informaci\u00f3n<\/a><\/td>\n<\/tr>\n<tr>\n<td style=\"width: 164px;\">_ga_&lt;property-id&gt;<\/td>\n<td style=\"width: 96px;\">Google Analytics<\/td>\n<td style=\"width: 75px;\">Terceros<\/td>\n<td style=\"width: 105px;\">Anal\u00edtica Web<\/td>\n<td style=\"width: 307px;\">Incluye informaci\u00f3n de la campa\u00f1a relativa al usuario. Si has vinculado tus cuentas de Google Analytics y Google Ads, las etiquetas de conversi\u00f3n en sitio web de Google Ads leer\u00e1n esta cookie, a menos que la inhabilites.<\/td>\n<td style=\"width: 83px;\">90 d\u00edas<\/td>\n<td style=\"width: 120px;\"><a href=\"https:\/\/support.google.com\/google-ads\/answer\/7521212?hl=es\" target=\"_blank\" rel=\"noopener noreferrer\">M\u00e1s informaci\u00f3n<\/a><\/td>\n<\/tr>\n<tr>\n<td style=\"width: 164px;\">_gcl_au<\/td>\n<td style=\"width: 96px;\">Google AdSense<\/td>\n<td style=\"width: 75px;\">Terceros<\/td>\n<td style=\"width: 105px;\">Anal\u00edtica Web<\/td>\n<td style=\"width: 307px;\">Para experimentar con la eficiencia publicitaria en los sitios web que utilizan sus servicios<\/td>\n<td style=\"width: 83px;\">Sesi\u00f3n<\/td>\n<td style=\"width: 120px;\"><a href=\"https:\/\/support.google.com\/adsense\/answer\/7549925?hl=es\" target=\"_blank\" rel=\"noopener\">M\u00e1s informaci\u00f3n<\/a><\/td>\n<\/tr>\n<tr>\n<td style=\"width: 164px;\">wp-wpml_current_language<\/td>\n<td style=\"width: 96px;\">WPML<\/td>\n<td style=\"width: 75px;\">Propia<\/td>\n<td style=\"width: 105px;\">Navegaci\u00f3n<\/td>\n<td style=\"width: 307px;\">Determinar el idioma elegido por el usuario.<\/td>\n<td style=\"width: 83px;\">Sesi\u00f3n<\/td>\n<td style=\"width: 120px;\"><a href=\"https:\/\/wpml.org\/documentation\/privacy-policy-and-gdpr-compliance\/#how-long-we-retain-your-data\" target=\"_blank\" rel=\"noopener noreferrer\">M\u00e1s informaci\u00f3n.<\/a><\/td>\n<\/tr>\n<tr>\n<td style=\"width: 164px;\">wordpress_test_cookie<\/td>\n<td style=\"width: 96px;\">WordPress<\/td>\n<td style=\"width: 75px;\">Propia<\/td>\n<td style=\"width: 105px;\">Navegaci\u00f3n<\/td>\n<td style=\"width: 307px;\">Esta cookie se usa para que el gestor de contenidos WordPress compruebe si el navegador tiene las cookies activadas.<\/td>\n<td style=\"width: 83px;\">Sesi\u00f3n<\/td>\n<td style=\"width: 120px;\"><a href=\"https:\/\/codex.wordpress.org\/Main_Page\" target=\"_blank\" rel=\"noopener noreferrer\">M\u00e1s informaci\u00f3n<\/a><\/td>\n<\/tr>\n<tr>\n<td style=\"width: 164px;\">moove_gdpr_popup<\/td>\n<td style=\"width: 96px;\">GDPR Cookie Compliance<\/td>\n<td style=\"width: 75px;\">Propia<\/td>\n<td style=\"width: 105px;\">Funcionalidad<\/td>\n<td style=\"width: 307px;\">Utilizada para guardar las preferencias sobre cookies.<\/td>\n<td style=\"width: 83px;\">1 a\u00f1o<\/td>\n<td style=\"width: 120px;\"><a href=\"https:\/\/www.mooveagency.com\/wordpress-plugins\/gdpr-cookie-compliance\/\" target=\"_blank\" rel=\"noopener noreferrer\">M\u00e1s informaci\u00f3n<\/a><\/td>\n<\/tr>\n<\/tbody>\n<\/table>\n<p>&nbsp;<\/p>\n<p class=\"p1\"><b>Privacidad adecuada\u2013 Gesti\u00f3n de cookies:<\/b><\/p>\n<p class=\"p1\">En caso que el usuario lo quisiera,<span class=\"Apple-converted-space\">\u00a0\u00a0<\/span>el registro de las cookies podr\u00e1 estar sujeto a su aceptaci\u00f3n durante la instalaci\u00f3n o puesta al d\u00eda del navegador usado. El usuario<span class=\"Apple-converted-space\">\u00a0\u00a0<\/span>puede en todo momento revocar su aceptaci\u00f3n mediante las opciones de configuraci\u00f3n de contenidos y privacidad disponibles en cada navegador. No obstante, en caso que el usuario no permita la instalaci\u00f3n de cookies en su navegador es posible que no pueda acceder a alguna de las secciones de nuestro sitio web.<\/p>\n<p class=\"p1\">Para m\u00e1s informaci\u00f3n sobre la configuraci\u00f3n apropiada de las cookies y las opciones de activaci\u00f3n, restricci\u00f3n y\/o inhabilitaci\u00f3n se debe acudir en<span class=\"Apple-converted-space\">\u00a0\u00a0<\/span>la secci\u00f3n de ayuda de su navegador para conocer m\u00e1s:<\/p>\n<ul class=\"ul2\">\n<li class=\"li1\">M\u00e1s informaci\u00f3n sobre como bloquear el uso de las cookies en\u00a0<a href=\"https:\/\/support.google.com\/chrome\/answer\/95647?hl=es\">Google Chrome<\/a><\/li>\n<li class=\"li1\">M\u00e1s informaci\u00f3n sobre como bloquear el uso de las cookies en\u00a0<a href=\"http:\/\/support.mozilla.org\/es\/kb\/habilitar-y-deshabilitar-cookies-que-los-sitios-we?esab=a&amp;s=cookies&amp;r=7&amp;as=s\">Firefox<\/a><\/li>\n<li class=\"li1\">M\u00e1s informaci\u00f3n sobre como bloquear el uso de las cookies en\u00a0<a href=\"http:\/\/windows.microsoft.com\/es-es\/windows7\/how-to-manage-cookies-in-internet-explorer-9\">Internet Explorer<\/a><\/li>\n<li class=\"li1\">M\u00e1s informaci\u00f3n sobre como bloquear el uso de las cookies en\u00a0<a href=\"http:\/\/support.apple.com\/kb\/HT1677?viewlocale=es_ES\">Safari<\/a><\/li>\n<li class=\"li1\">M\u00e1s informaci\u00f3n sobre como bloquear el uso de las cookies en\u00a0<a href=\"http:\/\/docs.blackberry.com\/en\/smartphone_users\/deliverables\/32004\/Turn_off_cookies_in_the_browser_60_1072866_11.jsp\">Blackberry<\/a><\/li>\n<li class=\"li1\">M\u00e1s informaci\u00f3n sobre como bloquear el uso de las cookies en\u00a0<a href=\"http:\/\/www.windowsphone.com\/en-us\/how-to\/wp7\/web\/changing-privacy-and-other-browser-settings\">WindowsPhone<\/a><\/li>\n<\/ul>\n<p class=\"p1\">Muchos navegadores permiten activar un modo privado mediante el cual las cookies se borran siempre despu\u00e9s de su visita. Dependiendo de cada navegador este modo privado, puede tener diferentes nombres. A continuaci\u00f3n encontrar\u00e1 una lista de los navegadores m\u00e1s comunes y los diferentes nombres de este \u201cmodo privado\u201d:<\/p>\n<ul class=\"ul1\">\n<li class=\"li1\">Internet Explorer 8 y superior; InPrivate<\/li>\n<li class=\"li1\">Safari 2 y superior; Navegaci\u00f3n Privada<\/li>\n<li class=\"li1\">Opera 10.5 y superior; Navegaci\u00f3n Privada<\/li>\n<li class=\"li1\">FireFox 3.5 y superior; Navegaci\u00f3n Privada<\/li>\n<li class=\"li1\">Google Chrome 10 y superior; Inc\u00f3gnito<\/li>\n<\/ul>\n","protected":false},"excerpt":{"rendered":"<p>El dominio www.cameliasvet.com utiliza procedimientos autom\u00e1ticos de recogida (Cookies) para reunir informaci\u00f3n personal como puede ser el tipo de navegador o sistema operativo, p\u00e1gina de referencia, ruta, dominio ISP (Proveedor de Internet), etc. todo ello con el fin de mejorar los servicios prestados. Las Cookies nos ayudan a adaptar \u00e9sta p\u00e1gina web a sus necesidades [&hellip;]<\/p>\n","protected":false},"author":8,"featured_media":0,"parent":0,"menu_order":0,"comment_status":"closed","ping_status":"closed","template":"","meta":{"_et_pb_use_builder":"","_et_pb_old_content":"","_et_gb_content_width":"","footnotes":""},"class_list":["post-526","page","type-page","status-publish","hentry"],"yoast_head":"<!-- This site is optimized with the Yoast SEO plugin v27.0 - https:\/\/yoast.com\/product\/yoast-seo-wordpress\/ -->\n<title>Pol\u00edtica de cookies - Camelias VET<\/title>\n<meta name=\"robots\" content=\"index, follow, max-snippet:-1, max-image-preview:large, max-video-preview:-1\" \/>\n<link rel=\"canonical\" href=\"https:\/\/cameliasvet.com\/en\/politica-de-cookies\/\" \/>\n<meta property=\"og:locale\" content=\"en_US\" \/>\n<meta property=\"og:type\" content=\"article\" \/>\n<meta property=\"og:title\" content=\"Pol\u00edtica de cookies - Camelias VET\" \/>\n<meta property=\"og:description\" content=\"El dominio www.cameliasvet.com utiliza procedimientos autom\u00e1ticos de recogida (Cookies) para reunir informaci\u00f3n personal como puede ser el tipo de navegador o sistema operativo, p\u00e1gina de referencia, ruta, dominio ISP (Proveedor de Internet), etc. todo ello con el fin de mejorar los servicios prestados. Las Cookies nos ayudan a adaptar \u00e9sta p\u00e1gina web a sus necesidades [&hellip;]\" \/>\n<meta property=\"og:url\" content=\"https:\/\/cameliasvet.com\/en\/politica-de-cookies\/\" \/>\n<meta property=\"og:site_name\" content=\"Camelias VET\" \/>\n<meta name=\"twitter:card\" content=\"summary_large_image\" \/>\n<meta name=\"twitter:label1\" content=\"Est. reading time\" \/>\n\t<meta name=\"twitter:data1\" content=\"6 minutes\" \/>\n<script type=\"application\/ld+json\" class=\"yoast-schema-graph\">{\"@context\":\"https:\/\/schema.org\",\"@graph\":[{\"@type\":\"WebPage\",\"@id\":\"https:\/\/cameliasvet.com\/en\/politica-de-cookies\/\",\"url\":\"https:\/\/cameliasvet.com\/en\/politica-de-cookies\/\",\"name\":\"Pol\u00edtica de cookies - Camelias VET\",\"isPartOf\":{\"@id\":\"https:\/\/cameliasvet.com\/#website\"},\"datePublished\":\"2023-02-13T12:38:13+00:00\",\"breadcrumb\":{\"@id\":\"https:\/\/cameliasvet.com\/en\/politica-de-cookies\/#breadcrumb\"},\"inLanguage\":\"en-US\",\"potentialAction\":[{\"@type\":\"ReadAction\",\"target\":[\"https:\/\/cameliasvet.com\/en\/politica-de-cookies\/\"]}]},{\"@type\":\"BreadcrumbList\",\"@id\":\"https:\/\/cameliasvet.com\/en\/politica-de-cookies\/#breadcrumb\",\"itemListElement\":[{\"@type\":\"ListItem\",\"position\":1,\"name\":\"Portada\",\"item\":\"https:\/\/cameliasvet.com\/\"},{\"@type\":\"ListItem\",\"position\":2,\"name\":\"Pol\u00edtica de cookies\"}]},{\"@type\":\"WebSite\",\"@id\":\"https:\/\/cameliasvet.com\/#website\",\"url\":\"https:\/\/cameliasvet.com\/\",\"name\":\"Camelias VET\",\"description\":\"Cl\u00ednica veterinaria en Fuengirola, Costa del Sol.\",\"potentialAction\":[{\"@type\":\"SearchAction\",\"target\":{\"@type\":\"EntryPoint\",\"urlTemplate\":\"https:\/\/cameliasvet.com\/?s={search_term_string}\"},\"query-input\":{\"@type\":\"PropertyValueSpecification\",\"valueRequired\":true,\"valueName\":\"search_term_string\"}}],\"inLanguage\":\"en-US\"}]}<\/script>\n<!-- \/ Yoast SEO plugin. -->","yoast_head_json":{"title":"Pol\u00edtica de cookies - Camelias VET","robots":{"index":"index","follow":"follow","max-snippet":"max-snippet:-1","max-image-preview":"max-image-preview:large","max-video-preview":"max-video-preview:-1"},"canonical":"https:\/\/cameliasvet.com\/en\/politica-de-cookies\/","og_locale":"en_US","og_type":"article","og_title":"Pol\u00edtica de cookies - Camelias VET","og_description":"El dominio www.cameliasvet.com utiliza procedimientos autom\u00e1ticos de recogida (Cookies) para reunir informaci\u00f3n personal como puede ser el tipo de navegador o sistema operativo, p\u00e1gina de referencia, ruta, dominio ISP (Proveedor de Internet), etc. todo ello con el fin de mejorar los servicios prestados. Las Cookies nos ayudan a adaptar \u00e9sta p\u00e1gina web a sus necesidades [&hellip;]","og_url":"https:\/\/cameliasvet.com\/en\/politica-de-cookies\/","og_site_name":"Camelias VET","twitter_card":"summary_large_image","twitter_misc":{"Est. reading time":"6 minutes"},"schema":{"@context":"https:\/\/schema.org","@graph":[{"@type":"WebPage","@id":"https:\/\/cameliasvet.com\/en\/politica-de-cookies\/","url":"https:\/\/cameliasvet.com\/en\/politica-de-cookies\/","name":"Pol\u00edtica de cookies - Camelias VET","isPartOf":{"@id":"https:\/\/cameliasvet.com\/#website"},"datePublished":"2023-02-13T12:38:13+00:00","breadcrumb":{"@id":"https:\/\/cameliasvet.com\/en\/politica-de-cookies\/#breadcrumb"},"inLanguage":"en-US","potentialAction":[{"@type":"ReadAction","target":["https:\/\/cameliasvet.com\/en\/politica-de-cookies\/"]}]},{"@type":"BreadcrumbList","@id":"https:\/\/cameliasvet.com\/en\/politica-de-cookies\/#breadcrumb","itemListElement":[{"@type":"ListItem","position":1,"name":"Portada","item":"https:\/\/cameliasvet.com\/"},{"@type":"ListItem","position":2,"name":"Pol\u00edtica de cookies"}]},{"@type":"WebSite","@id":"https:\/\/cameliasvet.com\/#website","url":"https:\/\/cameliasvet.com\/","name":"Camelias VET","description":"Cl\u00ednica veterinaria en Fuengirola, Costa del Sol.","potentialAction":[{"@type":"SearchAction","target":{"@type":"EntryPoint","urlTemplate":"https:\/\/cameliasvet.com\/?s={search_term_string}"},"query-input":{"@type":"PropertyValueSpecification","valueRequired":true,"valueName":"search_term_string"}}],"inLanguage":"en-US"}]}},"_links":{"self":[{"href":"https:\/\/cameliasvet.com\/en\/wp-json\/wp\/v2\/pages\/526","targetHints":{"allow":["GET"]}}],"collection":[{"href":"https:\/\/cameliasvet.com\/en\/wp-json\/wp\/v2\/pages"}],"about":[{"href":"https:\/\/cameliasvet.com\/en\/wp-json\/wp\/v2\/types\/page"}],"author":[{"embeddable":true,"href":"https:\/\/cameliasvet.com\/en\/wp-json\/wp\/v2\/users\/8"}],"replies":[{"embeddable":true,"href":"https:\/\/cameliasvet.com\/en\/wp-json\/wp\/v2\/comments?post=526"}],"version-history":[{"count":0,"href":"https:\/\/cameliasvet.com\/en\/wp-json\/wp\/v2\/pages\/526\/revisions"}],"wp:attachment":[{"href":"https:\/\/cameliasvet.com\/en\/wp-json\/wp\/v2\/media?parent=526"}],"curies":[{"name":"wp","href":"https:\/\/api.w.org\/{rel}","templated":true}]}}