{"id":523,"date":"2023-02-13T12:38:22","date_gmt":"2023-02-13T12:38:22","guid":{"rendered":"https:\/\/cameliasvet.com\/aviso-legal\/"},"modified":"2023-02-13T12:38:22","modified_gmt":"2023-02-13T12:38:22","slug":"aviso-legal","status":"publish","type":"page","link":"https:\/\/cameliasvet.com\/en\/aviso-legal\/","title":{"rendered":"Aviso legal"},"content":{"rendered":"<p>En cumplimiento del art\u00edculo 10 de la Ley 34\/2002, del 11 de Julio, de Servicios de la Sociedad de la Informaci\u00f3n y Comercio Electr\u00f3nico (LSSICE) se exponen a continuaci\u00f3n los datos identificativos de la empresa.<\/p>\n<p><strong>Denominaci\u00f3n social:<\/strong>\u00a0CAMELIASVET-VETERINARIOS SCA<br \/>\n<strong>C\u00f3digo de identificaci\u00f3n fiscal:<\/strong>\u00a0CIF: F02813673<br \/>\n<strong>Datos Registrales:<\/strong>\u00a0REGISTRO_EMPRESA<br \/>\n<strong>Domicilio social:<\/strong>\u00a0Teresa Zabell, 1, 29640 Fuengirola (M\u00e1laga)<br \/>\n<strong>Sitio Web:<\/strong>\u00a0www.cameliasvet.com<br \/>\n<strong>Correo electr\u00f3nico:<\/strong>\u00a0info@cameliasvet.com<\/p>\n<h2><strong>Acceso al Sitio Web:<\/strong><\/h2>\n<p>El acceso al sitio web es responsabilidad exclusiva de los usuarios, y supone aceptar y conocer las advertencias legales, condiciones y t\u00e9rminos de uso contenidos en ella. El sitio web tiene el car\u00e1cter \u00fanicamente informativo, en consecuencia, los art\u00edculos, productos y\/o servicios expuestos, as\u00ed como, en su caso, los precios indicados, son meramente orientativos y su uso es exclusivo para los medios de comunicaci\u00f3n; por lo que en ning\u00fan momento deben ser considerados como una oferta comercial.<br \/>\nDe aqu\u00ed se sigue, que el sitio web no garantiza que los art\u00edculos, productos y\/o servicios expuestos en la web est\u00e9n disponibles, as\u00ed como que los precios sean los vigentes en el momento de la consulta a la web. CAMELIASVET-VETERINARIOS SCA Se reserva el derecho de realizar, en cualquier momento, cuantos cambios y modificaciones estime convenientes y crea necesarias para la p\u00e1gina web sin necesidad de previo aviso.<\/p>\n<p>El Usuario garantiza la autenticidad y veracidad de todos aquellos datos que comunique tanto en la cumplimentaci\u00f3n de los formularios de registro como en cualquier otro momento posterior, siendo de su responsabilidad el actualizar la informaci\u00f3n suministrada, de tal forma que refleje su situaci\u00f3n real. El usuario ser\u00e1 responsable de la inexactitud o falta de veracidad de la informaci\u00f3n aportada.<\/p>\n<p>El simple acceso a este sitio web no supone entablar ning\u00fan tipo de relaci\u00f3n comercial entre CAMELIASVET-VETERINARIOS SCA y el usuario. El acceso y la navegaci\u00f3n en este sitio web supone aceptar y conocer las advertencias legales, condiciones y t\u00e9rminos de uso contenidas en ella. El titular del sitio web puede ofrecer servicios o productos que podr\u00e1n encontrarse sometidos a unas condiciones particulares propias que, seg\u00fan los casos, sustituyan, completen y\/o modifiquen las presentes condiciones, y sobre las cuales se informar\u00e1 al usuario en cada caso concreto.<\/p>\n<h2><strong>Uso del Sitio Web:<\/strong><\/h2>\n<p>El Usuario se compromete a la correcta utilizaci\u00f3n de la web y utilidades que se le proporcionen conforme a la ley, el presente documento legal, y las instrucciones y avisos que se le comuniquen. El Usuario se obliga al uso exclusivo de la web, y todos sus contenidos, para fines l\u00edcitos y no prohibidos, que no infrinjan la legalidad vigente y\/o puedan resultar lesivos de los derechos leg\u00edtimos de CAMELIASVET-VETERINARIOS SCA o de cualquier tercero, y\/o que puedan causar cualquier da\u00f1o o perjuicio de forma directa o indirecta.<\/p>\n<p>A tal efecto, el Usuario se abstendr\u00e1 de utilizar cualquiera de los contenidos de la p\u00e1gina web con fines o efectos il\u00edcitos, prohibidos en el presente Documento Legal, lesivos de los derechos e intereses de terceros o que, de cualquier forma, puedan da\u00f1ar, inutilizar, sobrecargar, deteriorar o impedir la normal utilizaci\u00f3n de la web, los equipos inform\u00e1ticos o los documentos, archivos y toda clase de contenidos almacenados en cualquier equipo inform\u00e1tico (hacking) de CAMELIASVET-VETERINARIOS SCA , de otros Usuarios o de cualquier usuario de Internet (hardware y software).<\/p>\n<p>En particular, y a t\u00edtulo meramente indicativo y no exhaustivo, el Usuario se compromete a no transmitir, difundir o poner a disposici\u00f3n de terceros informaciones, datos, contenidos, mensajes, gr\u00e1ficos, dibujos, archivos de sonido y\/o imagen, fotograf\u00edas, grabaciones, software y, en general, cualquier clase de material contrario al ordenamiento legal.<\/p>\n<p>Los Contenidos incluidos en el Sitio Web se facilitan \u00fanicamente a consumidores o Usuarios finales. Cualquier uso comercial no autorizado de los mismos, o su reventa, quedan prohibidos, salvo que se cuente con la previa autorizaci\u00f3n escrita. CAMELIASVET-VETERINARIOS SCA podr\u00e1 modificar los t\u00e9rminos y condiciones aqu\u00ed estipulados, total o parcialmente, publicando cualquier cambio en la misma forma en que aparecen estas condiciones generales o a trav\u00e9s de cualquier tipo de comunicaci\u00f3n dirigida a los usuarios. La vigencia temporal de estas condiciones generales coincide, por lo tanto, con el tiempo de su exposici\u00f3n, hasta que sean modificadas total o parcialmente, momento en el cual pasar\u00e1n a tener vigencia las condiciones generales modificadas. CAMELIASVET-VETERINARIOS SCA no garantiza ni se hace responsable de: el funcionamiento del sitio web; la continuidad de los Contenidos del sitio web; la ausencia de errores en dichos Contenidos ni la correcci\u00f3n de cualquier defecto que pudiera ocurrir; la ausencia de virus y\/o dem\u00e1s componentes da\u00f1inos en el sitio web o en el servidor que lo suministra; la invulnerabilidad del sitio web y\/o la inexpugnabilidad de las medidas de seguridad que se adopten en el mismo; la falta de utilidad o rendimiento de los contenidos del sitio web; los da\u00f1os o perjuicios que cause, a s\u00ed mismo o a un tercero, cualquier persona que infringiera las condiciones, normas e instrucciones que CAMELIASVET-VETERINARIOS SCA establece en el sitio web o a trav\u00e9s de la vulneraci\u00f3n de los sistemas de seguridad del sitio web.<\/p>\n<h2><strong>Derechos de propiedad intelectual:<\/strong><\/h2>\n<p>El Usuario se obliga a respetar los derechos de propiedad industrial de CAMELIASVET-VETERINARIOS SCA y de cualquier otro tercero. El uso o la concesi\u00f3n de acceso a la p\u00e1gina Web no comportan el otorgamiento de derecho alguno sobre las marcas, nombres comerciales o cualquier otro signo distintivo que se utilicen en la misma. El usuario podr\u00e1 descargarse la p\u00e1gina web en su terminal siempre que sea para uso privado, sin ning\u00fan fin comercial, por lo que no podr\u00e1 explotar, reproducir, distribuir, modificar, comunicar p\u00fablicamente, ceder, transformar o usar el contenido de la web con fines p\u00fablicos o comerciales. Asimismo, los contenidos son propiedad intelectual de CAMELIASVET-VETERINARIOS SCA sin que puedan entenderse cedidos al Usuario, en virtud de lo establecido en este Documento Legal, ninguno de los derechos de explotaci\u00f3n o cualesquiera otros que existen o puedan existir sobre dichos contenidos m\u00e1s all\u00e1 de lo estrictamente necesario para el correcto uso del sitio web.<strong>\u00a0<\/strong><\/p>\n<h2><strong>Finalidad:<\/strong><\/h2>\n<p>El derecho a la libertad de informaci\u00f3n a trav\u00e9s de medios digitales. Remisi\u00f3n de boletines informativos o newsletter asociados a las secciones o ediciones que conforman CAMELIASVET-VETERINARIOS SCA incluy\u00e9ndose aquellos requeridos para dar cumplimiento a los requisitos legales del RGPD. Gesti\u00f3n de plataformas sociales titularidad o asociadas a CAMELIASVET-VETERINARIOS SCA Aquellos necesarios para poder continuar prestando el servicio de comunicaci\u00f3n digital. Sorteos, promociones y eventos. Cookies propias. Contacto, resolver incidencias, gestionar consultas asociadas al servicio o a cualquier otra situaci\u00f3n an\u00e1loga en relaci\u00f3n con CAMELIASVET-VETERINARIOS SCA.<\/p>\n<h2><strong>Ejercicio de derechos:<\/strong><\/h2>\n<p>Acceso, rectificaci\u00f3n o supresi\u00f3n, limitaci\u00f3n de tratamiento, oposici\u00f3n del tratamiento de los datos personales facilitados o al env\u00edo de publicidad, y a no ser objeto de decisiones exclusivamente automatizadas. Puede ejercer dichos derechos o revocar los consentimientos de tratamiento dados enviando una petici\u00f3n al domicilio social, incluyendo una copia del DNI. Para el ejercicio de los derechos o cualquier aclaraci\u00f3n que precise puede dirigir un correo postal a la direcci\u00f3n social, acreditando ser titular de los datos sobre los que quiere ejercer esos derechos.<strong>\u00a0<\/strong><\/p>\n<h2><strong>Destinatarios:<\/strong><\/h2>\n<p>CAMELIASVET-VETERINARIOS SCA precisa dentro de su \u00e1mbito de actividad con la finalidad de poder garantizar el servicio y la calidad del mismo que terceros a aquel presten servicios que pudieren llevar afectos tratamiento de datos personales. En relaci\u00f3n a dichos terceros, CAMELIASVET-VETERINARIOS SCA diferencia entre aquellos terceros que ostentan la condici\u00f3n de Encargado de Tratamiento siendo necesarios para en inter\u00e9s de la entidad, habiendo establecido las medidas legales y t\u00e9cnicas necesarias para preservar su derecho fundamental a la protecci\u00f3n de datos. As\u00ed mismo, en relaci\u00f3n con aquellos terceros que no se encuentren en dicha situaci\u00f3n, CAMELIASVET-VETERINARIOS SCA le informar\u00e1 de la comunicaci\u00f3n y la necesidad, en su caso, de obtener su consentimiento para el tratamiento afecto a la operaci\u00f3n\/es afectas.<strong>\u00a0<\/strong><\/p>\n<h2><strong>Reclamaci\u00f3n:<\/strong><\/h2>\n<p>Autoridad de Control competente en la materia. Agencia Espa\u00f1ola de Protecci\u00f3n de Datos (www.agpd.es C\/ Jorge Juan, 6 28001 Madrid.) Puede ejercer dichos derechos o revocar los consentimientos de tratamiento dados enviando una petici\u00f3n al domicilio social, incluyendo una copia del DNI. Para el ejercicio de los derechos o cualquier aclaraci\u00f3n que precise puede dirigir un correo postal a la direcci\u00f3n social, acreditando ser titular de los datos sobre los que quiere ejercer esos derechos.<\/p>\n<h2><strong>Protecci\u00f3n de datos de car\u00e1cter personal:<\/strong><\/h2>\n<p>De acuerdo con lo establecido en el Reglamento UE 2016\/679 del Parlamento Europeo y del Consejo de 27 de abril de 2016 relativo a la protecci\u00f3n de las personas f\u00edsicas en lo que respecta al tratamiento de datos personales y a la libre circulaci\u00f3n de estos datos y la Ley Org\u00e1nica 15\/1999, de 13 de Diciembre, de Protecci\u00f3n de Datos de Car\u00e1cter Personal, se le informa que los datos de car\u00e1cter personal proporcionados ser\u00e1n incluidos en un fichero de titularidad de CAMELIASVET-VETERINARIOS SCA , que tiene por finalidad la gesti\u00f3n de los clientes, contable, fiscal, administrativa y otras finalidades. Usted puede ejercer los derechos sobre los datos suministrados recogidos en el art. 13 del RGPD de acceso, rectificaci\u00f3n o supresi\u00f3n, limitaci\u00f3n de tratamiento, oposici\u00f3n del tratamiento de los datos personales facilitados o al env\u00edo de publicidad, y a no ser objeto de decisiones exclusivamente automatizadas.<\/p>\n<p>&nbsp;<\/p>\n","protected":false},"excerpt":{"rendered":"<p>En cumplimiento del art\u00edculo 10 de la Ley 34\/2002, del 11 de Julio, de Servicios de la Sociedad de la Informaci\u00f3n y Comercio Electr\u00f3nico (LSSICE) se exponen a continuaci\u00f3n los datos identificativos de la empresa. Denominaci\u00f3n social:\u00a0CAMELIASVET-VETERINARIOS SCA C\u00f3digo de identificaci\u00f3n fiscal:\u00a0CIF: F02813673 Datos Registrales:\u00a0REGISTRO_EMPRESA Domicilio social:\u00a0Teresa Zabell, 1, 29640 Fuengirola (M\u00e1laga) Sitio Web:\u00a0www.cameliasvet.com Correo [&hellip;]<\/p>\n","protected":false},"author":8,"featured_media":0,"parent":0,"menu_order":0,"comment_status":"closed","ping_status":"closed","template":"","meta":{"_et_pb_use_builder":"","_et_pb_old_content":"","_et_gb_content_width":"","footnotes":""},"class_list":["post-523","page","type-page","status-publish","hentry"],"yoast_head":"<!-- This site is optimized with the Yoast SEO plugin v27.0 - https:\/\/yoast.com\/product\/yoast-seo-wordpress\/ -->\n<title>Aviso legal - Camelias VET<\/title>\n<meta name=\"robots\" content=\"index, follow, max-snippet:-1, max-image-preview:large, max-video-preview:-1\" \/>\n<link rel=\"canonical\" href=\"https:\/\/cameliasvet.com\/en\/aviso-legal\/\" \/>\n<meta property=\"og:locale\" content=\"en_US\" \/>\n<meta property=\"og:type\" content=\"article\" \/>\n<meta property=\"og:title\" content=\"Aviso legal - Camelias VET\" \/>\n<meta property=\"og:description\" content=\"En cumplimiento del art\u00edculo 10 de la Ley 34\/2002, del 11 de Julio, de Servicios de la Sociedad de la Informaci\u00f3n y Comercio Electr\u00f3nico (LSSICE) se exponen a continuaci\u00f3n los datos identificativos de la empresa. Denominaci\u00f3n social:\u00a0CAMELIASVET-VETERINARIOS SCA C\u00f3digo de identificaci\u00f3n fiscal:\u00a0CIF: F02813673 Datos Registrales:\u00a0REGISTRO_EMPRESA Domicilio social:\u00a0Teresa Zabell, 1, 29640 Fuengirola (M\u00e1laga) Sitio Web:\u00a0www.cameliasvet.com Correo [&hellip;]\" \/>\n<meta property=\"og:url\" content=\"https:\/\/cameliasvet.com\/en\/aviso-legal\/\" \/>\n<meta property=\"og:site_name\" content=\"Camelias VET\" \/>\n<meta name=\"twitter:card\" content=\"summary_large_image\" \/>\n<meta name=\"twitter:label1\" content=\"Est. reading time\" \/>\n\t<meta name=\"twitter:data1\" content=\"8 minutes\" \/>\n<script type=\"application\/ld+json\" class=\"yoast-schema-graph\">{\"@context\":\"https:\/\/schema.org\",\"@graph\":[{\"@type\":\"WebPage\",\"@id\":\"https:\/\/cameliasvet.com\/en\/aviso-legal\/\",\"url\":\"https:\/\/cameliasvet.com\/en\/aviso-legal\/\",\"name\":\"Aviso legal - Camelias VET\",\"isPartOf\":{\"@id\":\"https:\/\/cameliasvet.com\/#website\"},\"datePublished\":\"2023-02-13T12:38:22+00:00\",\"breadcrumb\":{\"@id\":\"https:\/\/cameliasvet.com\/en\/aviso-legal\/#breadcrumb\"},\"inLanguage\":\"en-US\",\"potentialAction\":[{\"@type\":\"ReadAction\",\"target\":[\"https:\/\/cameliasvet.com\/en\/aviso-legal\/\"]}]},{\"@type\":\"BreadcrumbList\",\"@id\":\"https:\/\/cameliasvet.com\/en\/aviso-legal\/#breadcrumb\",\"itemListElement\":[{\"@type\":\"ListItem\",\"position\":1,\"name\":\"Portada\",\"item\":\"https:\/\/cameliasvet.com\/\"},{\"@type\":\"ListItem\",\"position\":2,\"name\":\"Aviso legal\"}]},{\"@type\":\"WebSite\",\"@id\":\"https:\/\/cameliasvet.com\/#website\",\"url\":\"https:\/\/cameliasvet.com\/\",\"name\":\"Camelias VET\",\"description\":\"Cl\u00ednica veterinaria en Fuengirola, Costa del Sol.\",\"potentialAction\":[{\"@type\":\"SearchAction\",\"target\":{\"@type\":\"EntryPoint\",\"urlTemplate\":\"https:\/\/cameliasvet.com\/?s={search_term_string}\"},\"query-input\":{\"@type\":\"PropertyValueSpecification\",\"valueRequired\":true,\"valueName\":\"search_term_string\"}}],\"inLanguage\":\"en-US\"}]}<\/script>\n<!-- \/ Yoast SEO plugin. -->","yoast_head_json":{"title":"Aviso legal - Camelias VET","robots":{"index":"index","follow":"follow","max-snippet":"max-snippet:-1","max-image-preview":"max-image-preview:large","max-video-preview":"max-video-preview:-1"},"canonical":"https:\/\/cameliasvet.com\/en\/aviso-legal\/","og_locale":"en_US","og_type":"article","og_title":"Aviso legal - Camelias VET","og_description":"En cumplimiento del art\u00edculo 10 de la Ley 34\/2002, del 11 de Julio, de Servicios de la Sociedad de la Informaci\u00f3n y Comercio Electr\u00f3nico (LSSICE) se exponen a continuaci\u00f3n los datos identificativos de la empresa. Denominaci\u00f3n social:\u00a0CAMELIASVET-VETERINARIOS SCA C\u00f3digo de identificaci\u00f3n fiscal:\u00a0CIF: F02813673 Datos Registrales:\u00a0REGISTRO_EMPRESA Domicilio social:\u00a0Teresa Zabell, 1, 29640 Fuengirola (M\u00e1laga) Sitio Web:\u00a0www.cameliasvet.com Correo [&hellip;]","og_url":"https:\/\/cameliasvet.com\/en\/aviso-legal\/","og_site_name":"Camelias VET","twitter_card":"summary_large_image","twitter_misc":{"Est. reading time":"8 minutes"},"schema":{"@context":"https:\/\/schema.org","@graph":[{"@type":"WebPage","@id":"https:\/\/cameliasvet.com\/en\/aviso-legal\/","url":"https:\/\/cameliasvet.com\/en\/aviso-legal\/","name":"Aviso legal - Camelias VET","isPartOf":{"@id":"https:\/\/cameliasvet.com\/#website"},"datePublished":"2023-02-13T12:38:22+00:00","breadcrumb":{"@id":"https:\/\/cameliasvet.com\/en\/aviso-legal\/#breadcrumb"},"inLanguage":"en-US","potentialAction":[{"@type":"ReadAction","target":["https:\/\/cameliasvet.com\/en\/aviso-legal\/"]}]},{"@type":"BreadcrumbList","@id":"https:\/\/cameliasvet.com\/en\/aviso-legal\/#breadcrumb","itemListElement":[{"@type":"ListItem","position":1,"name":"Portada","item":"https:\/\/cameliasvet.com\/"},{"@type":"ListItem","position":2,"name":"Aviso legal"}]},{"@type":"WebSite","@id":"https:\/\/cameliasvet.com\/#website","url":"https:\/\/cameliasvet.com\/","name":"Camelias VET","description":"Cl\u00ednica veterinaria en Fuengirola, Costa del Sol.","potentialAction":[{"@type":"SearchAction","target":{"@type":"EntryPoint","urlTemplate":"https:\/\/cameliasvet.com\/?s={search_term_string}"},"query-input":{"@type":"PropertyValueSpecification","valueRequired":true,"valueName":"search_term_string"}}],"inLanguage":"en-US"}]}},"_links":{"self":[{"href":"https:\/\/cameliasvet.com\/en\/wp-json\/wp\/v2\/pages\/523","targetHints":{"allow":["GET"]}}],"collection":[{"href":"https:\/\/cameliasvet.com\/en\/wp-json\/wp\/v2\/pages"}],"about":[{"href":"https:\/\/cameliasvet.com\/en\/wp-json\/wp\/v2\/types\/page"}],"author":[{"embeddable":true,"href":"https:\/\/cameliasvet.com\/en\/wp-json\/wp\/v2\/users\/8"}],"replies":[{"embeddable":true,"href":"https:\/\/cameliasvet.com\/en\/wp-json\/wp\/v2\/comments?post=523"}],"version-history":[{"count":0,"href":"https:\/\/cameliasvet.com\/en\/wp-json\/wp\/v2\/pages\/523\/revisions"}],"wp:attachment":[{"href":"https:\/\/cameliasvet.com\/en\/wp-json\/wp\/v2\/media?parent=523"}],"curies":[{"name":"wp","href":"https:\/\/api.w.org\/{rel}","templated":true}]}}